{"id":331,"date":"2022-04-19T12:54:35","date_gmt":"2022-04-19T11:54:35","guid":{"rendered":"http:\/\/www.tiendanimal.es\/servicios\/peluquerias-salonbelleza\/?page_id=331"},"modified":"2025-01-28T17:26:53","modified_gmt":"2025-01-28T16:26:53","slug":"las-academias-de-peluqueria-canina-y-felina","status":"publish","type":"page","link":"https:\/\/www.tiendanimal.es\/servicios\/peluquerias-salonbelleza\/las-academias-de-peluqueria-canina-y-felina\/","title":{"rendered":"Las Academias de Peluquer\u00eda Canina y Felina"},"content":{"rendered":"","protected":false},"excerpt":{"rendered":"","protected":false},"author":1,"featured_media":389,"parent":0,"menu_order":0,"comment_status":"closed","ping_status":"closed","template":"academia.php","meta":{"_acf_changed":false,"footnotes":""},"class_list":["post-331","page","type-page","status-publish","has-post-thumbnail","hentry"],"acf":[],"yoast_head":"<!-- This site is optimized with the Yoast SEO plugin v27.3 - https:\/\/yoast.com\/product\/yoast-seo-wordpress\/ -->\n<title>Academia de Peluquer\u00eda Canina y Felina | Tiendanimal<\/title>\n<meta name=\"description\" content=\"\u00a1La mejor profesi\u00f3n del mundo! Convi\u00e9rtete en un gran estilista de mascotas con nuestra formaci\u00f3n especializada. Entra e inf\u00f3rmate.\" \/>\n<meta name=\"robots\" content=\"index, follow, max-snippet:-1, max-image-preview:large, max-video-preview:-1\" \/>\n<link rel=\"canonical\" href=\"https:\/\/www.tiendanimal.es\/servicios\/peluquerias-salonbelleza\/las-academias-de-peluqueria-canina-y-felina\/\" \/>\n<meta property=\"og:locale\" content=\"es_ES\" \/>\n<meta property=\"og:type\" content=\"article\" \/>\n<meta property=\"og:title\" content=\"Academia de Peluquer\u00eda Canina y Felina | Tiendanimal\" \/>\n<meta property=\"og:description\" content=\"\u00a1La mejor profesi\u00f3n del mundo! Convi\u00e9rtete en un gran estilista de mascotas con nuestra formaci\u00f3n especializada. Entra e inf\u00f3rmate.\" \/>\n<meta property=\"og:url\" content=\"https:\/\/www.tiendanimal.es\/servicios\/peluquerias-salonbelleza\/las-academias-de-peluqueria-canina-y-felina\/\" \/>\n<meta property=\"og:site_name\" content=\"Sal\u00f3n de Belleza\" \/>\n<meta property=\"article:publisher\" content=\"https:\/\/www.facebook.com\/tiendanimal\" \/>\n<meta property=\"article:modified_time\" content=\"2025-01-28T16:26:53+00:00\" \/>\n<meta property=\"og:image\" content=\"https:\/\/www.tiendanimal.es\/servicios\/peluquerias-salonbelleza\/wp-content\/uploads\/2022\/04\/bg-head-academia.jpg\" \/>\n\t<meta property=\"og:image:width\" content=\"1920\" \/>\n\t<meta property=\"og:image:height\" content=\"588\" \/>\n\t<meta property=\"og:image:type\" content=\"image\/jpeg\" \/>\n<meta name=\"twitter:card\" content=\"summary_large_image\" \/>\n<meta name=\"twitter:site\" content=\"@tiendanimal\" \/>\n<meta name=\"twitter:label1\" content=\"Tiempo de lectura\" \/>\n\t<meta name=\"twitter:data1\" content=\"1 minuto\" \/>\n<script type=\"application\/ld+json\" class=\"yoast-schema-graph\">{\"@context\":\"https:\\\/\\\/schema.org\",\"@graph\":[{\"@type\":\"WebPage\",\"@id\":\"https:\\\/\\\/www.tiendanimal.es\\\/servicios\\\/peluquerias-salonbelleza\\\/las-academias-de-peluqueria-canina-y-felina\\\/\",\"url\":\"https:\\\/\\\/www.tiendanimal.es\\\/servicios\\\/peluquerias-salonbelleza\\\/las-academias-de-peluqueria-canina-y-felina\\\/\",\"name\":\"Academia de Peluquer\u00eda Canina y Felina | Tiendanimal\",\"isPartOf\":{\"@id\":\"https:\\\/\\\/www.tiendanimal.es\\\/servicios\\\/peluquerias-salonbelleza\\\/#website\"},\"primaryImageOfPage\":{\"@id\":\"https:\\\/\\\/www.tiendanimal.es\\\/servicios\\\/peluquerias-salonbelleza\\\/las-academias-de-peluqueria-canina-y-felina\\\/#primaryimage\"},\"image\":{\"@id\":\"https:\\\/\\\/www.tiendanimal.es\\\/servicios\\\/peluquerias-salonbelleza\\\/las-academias-de-peluqueria-canina-y-felina\\\/#primaryimage\"},\"thumbnailUrl\":\"https:\\\/\\\/www.tiendanimal.es\\\/servicios\\\/peluquerias-salonbelleza\\\/wp-content\\\/uploads\\\/2022\\\/04\\\/bg-head-academia.jpg\",\"datePublished\":\"2022-04-19T11:54:35+00:00\",\"dateModified\":\"2025-01-28T16:26:53+00:00\",\"description\":\"\u00a1La mejor profesi\u00f3n del mundo! Convi\u00e9rtete en un gran estilista de mascotas con nuestra formaci\u00f3n especializada. Entra e inf\u00f3rmate.\",\"breadcrumb\":{\"@id\":\"https:\\\/\\\/www.tiendanimal.es\\\/servicios\\\/peluquerias-salonbelleza\\\/las-academias-de-peluqueria-canina-y-felina\\\/#breadcrumb\"},\"inLanguage\":\"es\",\"potentialAction\":[{\"@type\":\"ReadAction\",\"target\":[\"https:\\\/\\\/www.tiendanimal.es\\\/servicios\\\/peluquerias-salonbelleza\\\/las-academias-de-peluqueria-canina-y-felina\\\/\"]}]},{\"@type\":\"ImageObject\",\"inLanguage\":\"es\",\"@id\":\"https:\\\/\\\/www.tiendanimal.es\\\/servicios\\\/peluquerias-salonbelleza\\\/las-academias-de-peluqueria-canina-y-felina\\\/#primaryimage\",\"url\":\"https:\\\/\\\/www.tiendanimal.es\\\/servicios\\\/peluquerias-salonbelleza\\\/wp-content\\\/uploads\\\/2022\\\/04\\\/bg-head-academia.jpg\",\"contentUrl\":\"https:\\\/\\\/www.tiendanimal.es\\\/servicios\\\/peluquerias-salonbelleza\\\/wp-content\\\/uploads\\\/2022\\\/04\\\/bg-head-academia.jpg\",\"width\":1920,\"height\":588,\"caption\":\"Las Academias de Peluquer\u00eda Canina y Felina\"},{\"@type\":\"BreadcrumbList\",\"@id\":\"https:\\\/\\\/www.tiendanimal.es\\\/servicios\\\/peluquerias-salonbelleza\\\/las-academias-de-peluqueria-canina-y-felina\\\/#breadcrumb\",\"itemListElement\":[{\"@type\":\"ListItem\",\"position\":1,\"name\":\"Portada\",\"item\":\"https:\\\/\\\/www.tiendanimal.es\\\/servicios\\\/peluquerias-salonbelleza\\\/\"},{\"@type\":\"ListItem\",\"position\":2,\"name\":\"Las Academias de Peluquer\u00eda Canina y Felina\"}]},{\"@type\":\"WebSite\",\"@id\":\"https:\\\/\\\/www.tiendanimal.es\\\/servicios\\\/peluquerias-salonbelleza\\\/#website\",\"url\":\"https:\\\/\\\/www.tiendanimal.es\\\/servicios\\\/peluquerias-salonbelleza\\\/\",\"name\":\"Sal\u00f3n de Belleza\",\"description\":\"Tienda Animal\",\"publisher\":{\"@id\":\"https:\\\/\\\/www.tiendanimal.es\\\/servicios\\\/peluquerias-salonbelleza\\\/#organization\"},\"potentialAction\":[{\"@type\":\"SearchAction\",\"target\":{\"@type\":\"EntryPoint\",\"urlTemplate\":\"https:\\\/\\\/www.tiendanimal.es\\\/servicios\\\/peluquerias-salonbelleza\\\/?s={search_term_string}\"},\"query-input\":{\"@type\":\"PropertyValueSpecification\",\"valueRequired\":true,\"valueName\":\"search_term_string\"}}],\"inLanguage\":\"es\"},{\"@type\":\"Organization\",\"@id\":\"https:\\\/\\\/www.tiendanimal.es\\\/servicios\\\/peluquerias-salonbelleza\\\/#organization\",\"name\":\"Sal\u00f3n de Belleza de Tienda Animal\",\"url\":\"https:\\\/\\\/www.tiendanimal.es\\\/servicios\\\/peluquerias-salonbelleza\\\/\",\"logo\":{\"@type\":\"ImageObject\",\"inLanguage\":\"es\",\"@id\":\"https:\\\/\\\/www.tiendanimal.es\\\/servicios\\\/peluquerias-salonbelleza\\\/#\\\/schema\\\/logo\\\/image\\\/\",\"url\":\"https:\\\/\\\/www.tiendanimal.es\\\/servicios\\\/peluquerias-salonbelleza\\\/wp-content\\\/uploads\\\/2022\\\/04\\\/cropped-logo.jpg\",\"contentUrl\":\"https:\\\/\\\/www.tiendanimal.es\\\/servicios\\\/peluquerias-salonbelleza\\\/wp-content\\\/uploads\\\/2022\\\/04\\\/cropped-logo.jpg\",\"width\":184,\"height\":80,\"caption\":\"Sal\u00f3n de Belleza de Tienda Animal\"},\"image\":{\"@id\":\"https:\\\/\\\/www.tiendanimal.es\\\/servicios\\\/peluquerias-salonbelleza\\\/#\\\/schema\\\/logo\\\/image\\\/\"},\"sameAs\":[\"https:\\\/\\\/www.facebook.com\\\/tiendanimal\",\"https:\\\/\\\/x.com\\\/tiendanimal\",\"https:\\\/\\\/www.instagram.com\\\/tiendanimal\",\"https:\\\/\\\/www.youtube.com\\\/user\\\/tiendanimal\"]}]}<\/script>\n<!-- \/ Yoast SEO plugin. -->","yoast_head_json":{"title":"Academia de Peluquer\u00eda Canina y Felina | Tiendanimal","description":"\u00a1La mejor profesi\u00f3n del mundo! Convi\u00e9rtete en un gran estilista de mascotas con nuestra formaci\u00f3n especializada. Entra e inf\u00f3rmate.","robots":{"index":"index","follow":"follow","max-snippet":"max-snippet:-1","max-image-preview":"max-image-preview:large","max-video-preview":"max-video-preview:-1"},"canonical":"https:\/\/www.tiendanimal.es\/servicios\/peluquerias-salonbelleza\/las-academias-de-peluqueria-canina-y-felina\/","og_locale":"es_ES","og_type":"article","og_title":"Academia de Peluquer\u00eda Canina y Felina | Tiendanimal","og_description":"\u00a1La mejor profesi\u00f3n del mundo! Convi\u00e9rtete en un gran estilista de mascotas con nuestra formaci\u00f3n especializada. Entra e inf\u00f3rmate.","og_url":"https:\/\/www.tiendanimal.es\/servicios\/peluquerias-salonbelleza\/las-academias-de-peluqueria-canina-y-felina\/","og_site_name":"Sal\u00f3n de Belleza","article_publisher":"https:\/\/www.facebook.com\/tiendanimal","article_modified_time":"2025-01-28T16:26:53+00:00","og_image":[{"width":1920,"height":588,"url":"https:\/\/www.tiendanimal.es\/servicios\/peluquerias-salonbelleza\/wp-content\/uploads\/2022\/04\/bg-head-academia.jpg","type":"image\/jpeg"}],"twitter_card":"summary_large_image","twitter_site":"@tiendanimal","twitter_misc":{"Tiempo de lectura":"1 minuto"},"schema":{"@context":"https:\/\/schema.org","@graph":[{"@type":"WebPage","@id":"https:\/\/www.tiendanimal.es\/servicios\/peluquerias-salonbelleza\/las-academias-de-peluqueria-canina-y-felina\/","url":"https:\/\/www.tiendanimal.es\/servicios\/peluquerias-salonbelleza\/las-academias-de-peluqueria-canina-y-felina\/","name":"Academia de Peluquer\u00eda Canina y Felina | Tiendanimal","isPartOf":{"@id":"https:\/\/www.tiendanimal.es\/servicios\/peluquerias-salonbelleza\/#website"},"primaryImageOfPage":{"@id":"https:\/\/www.tiendanimal.es\/servicios\/peluquerias-salonbelleza\/las-academias-de-peluqueria-canina-y-felina\/#primaryimage"},"image":{"@id":"https:\/\/www.tiendanimal.es\/servicios\/peluquerias-salonbelleza\/las-academias-de-peluqueria-canina-y-felina\/#primaryimage"},"thumbnailUrl":"https:\/\/www.tiendanimal.es\/servicios\/peluquerias-salonbelleza\/wp-content\/uploads\/2022\/04\/bg-head-academia.jpg","datePublished":"2022-04-19T11:54:35+00:00","dateModified":"2025-01-28T16:26:53+00:00","description":"\u00a1La mejor profesi\u00f3n del mundo! Convi\u00e9rtete en un gran estilista de mascotas con nuestra formaci\u00f3n especializada. Entra e inf\u00f3rmate.","breadcrumb":{"@id":"https:\/\/www.tiendanimal.es\/servicios\/peluquerias-salonbelleza\/las-academias-de-peluqueria-canina-y-felina\/#breadcrumb"},"inLanguage":"es","potentialAction":[{"@type":"ReadAction","target":["https:\/\/www.tiendanimal.es\/servicios\/peluquerias-salonbelleza\/las-academias-de-peluqueria-canina-y-felina\/"]}]},{"@type":"ImageObject","inLanguage":"es","@id":"https:\/\/www.tiendanimal.es\/servicios\/peluquerias-salonbelleza\/las-academias-de-peluqueria-canina-y-felina\/#primaryimage","url":"https:\/\/www.tiendanimal.es\/servicios\/peluquerias-salonbelleza\/wp-content\/uploads\/2022\/04\/bg-head-academia.jpg","contentUrl":"https:\/\/www.tiendanimal.es\/servicios\/peluquerias-salonbelleza\/wp-content\/uploads\/2022\/04\/bg-head-academia.jpg","width":1920,"height":588,"caption":"Las Academias de Peluquer\u00eda Canina y Felina"},{"@type":"BreadcrumbList","@id":"https:\/\/www.tiendanimal.es\/servicios\/peluquerias-salonbelleza\/las-academias-de-peluqueria-canina-y-felina\/#breadcrumb","itemListElement":[{"@type":"ListItem","position":1,"name":"Portada","item":"https:\/\/www.tiendanimal.es\/servicios\/peluquerias-salonbelleza\/"},{"@type":"ListItem","position":2,"name":"Las Academias de Peluquer\u00eda Canina y Felina"}]},{"@type":"WebSite","@id":"https:\/\/www.tiendanimal.es\/servicios\/peluquerias-salonbelleza\/#website","url":"https:\/\/www.tiendanimal.es\/servicios\/peluquerias-salonbelleza\/","name":"Sal\u00f3n de Belleza","description":"Tienda Animal","publisher":{"@id":"https:\/\/www.tiendanimal.es\/servicios\/peluquerias-salonbelleza\/#organization"},"potentialAction":[{"@type":"SearchAction","target":{"@type":"EntryPoint","urlTemplate":"https:\/\/www.tiendanimal.es\/servicios\/peluquerias-salonbelleza\/?s={search_term_string}"},"query-input":{"@type":"PropertyValueSpecification","valueRequired":true,"valueName":"search_term_string"}}],"inLanguage":"es"},{"@type":"Organization","@id":"https:\/\/www.tiendanimal.es\/servicios\/peluquerias-salonbelleza\/#organization","name":"Sal\u00f3n de Belleza de Tienda Animal","url":"https:\/\/www.tiendanimal.es\/servicios\/peluquerias-salonbelleza\/","logo":{"@type":"ImageObject","inLanguage":"es","@id":"https:\/\/www.tiendanimal.es\/servicios\/peluquerias-salonbelleza\/#\/schema\/logo\/image\/","url":"https:\/\/www.tiendanimal.es\/servicios\/peluquerias-salonbelleza\/wp-content\/uploads\/2022\/04\/cropped-logo.jpg","contentUrl":"https:\/\/www.tiendanimal.es\/servicios\/peluquerias-salonbelleza\/wp-content\/uploads\/2022\/04\/cropped-logo.jpg","width":184,"height":80,"caption":"Sal\u00f3n de Belleza de Tienda Animal"},"image":{"@id":"https:\/\/www.tiendanimal.es\/servicios\/peluquerias-salonbelleza\/#\/schema\/logo\/image\/"},"sameAs":["https:\/\/www.facebook.com\/tiendanimal","https:\/\/x.com\/tiendanimal","https:\/\/www.instagram.com\/tiendanimal","https:\/\/www.youtube.com\/user\/tiendanimal"]}]}},"_links":{"self":[{"href":"https:\/\/www.tiendanimal.es\/servicios\/peluquerias-salonbelleza\/wp-json\/wp\/v2\/pages\/331","targetHints":{"allow":["GET"]}}],"collection":[{"href":"https:\/\/www.tiendanimal.es\/servicios\/peluquerias-salonbelleza\/wp-json\/wp\/v2\/pages"}],"about":[{"href":"https:\/\/www.tiendanimal.es\/servicios\/peluquerias-salonbelleza\/wp-json\/wp\/v2\/types\/page"}],"author":[{"embeddable":true,"href":"https:\/\/www.tiendanimal.es\/servicios\/peluquerias-salonbelleza\/wp-json\/wp\/v2\/users\/1"}],"replies":[{"embeddable":true,"href":"https:\/\/www.tiendanimal.es\/servicios\/peluquerias-salonbelleza\/wp-json\/wp\/v2\/comments?post=331"}],"version-history":[{"count":6,"href":"https:\/\/www.tiendanimal.es\/servicios\/peluquerias-salonbelleza\/wp-json\/wp\/v2\/pages\/331\/revisions"}],"predecessor-version":[{"id":1096,"href":"https:\/\/www.tiendanimal.es\/servicios\/peluquerias-salonbelleza\/wp-json\/wp\/v2\/pages\/331\/revisions\/1096"}],"wp:featuredmedia":[{"embeddable":true,"href":"https:\/\/www.tiendanimal.es\/servicios\/peluquerias-salonbelleza\/wp-json\/wp\/v2\/media\/389"}],"wp:attachment":[{"href":"https:\/\/www.tiendanimal.es\/servicios\/peluquerias-salonbelleza\/wp-json\/wp\/v2\/media?parent=331"}],"curies":[{"name":"wp","href":"https:\/\/api.w.org\/{rel}","templated":true}]}}