{"id":2,"date":"2022-03-09T11:06:59","date_gmt":"2022-03-09T10:06:59","guid":{"rendered":"http:\/\/proyectos.stvcom.com\/kiwoko\/?page_id=2"},"modified":"2024-05-24T14:00:52","modified_gmt":"2024-05-24T13:00:52","slug":"home","status":"publish","type":"page","link":"https:\/\/www.tiendanimal.es\/servicios\/peluquerias-salonbelleza\/","title":{"rendered":"Home"},"content":{"rendered":"<h1>\u00a1Ven a la peluquer\u00eda canina de Tiendanimal y mima a tu mascota!<\/h1>\n<p>En Tiendanimal queremos <strong>cuidar a tu mascota<\/strong> de la mejor forma tanto por dentro como por fuera. Por eso, adem\u00e1s de ser una de las mayores tiendas de productos para mascotas en la que encontrar\u00e1s todo lo que necesitas para su alimentaci\u00f3n y cuidado, tambi\u00e9n contamos con servicio de peluquer\u00eda.<\/p>\n<p>La <strong>peluquer\u00eda de perros<\/strong> es fundamental para muchos de nuestros peludos, ya que su piel y pelaje necesitan un cuidado especial que no siempre se puede llevar a cabo en casa. Pero, <strong>\u00bfqui\u00e9n dijo que la peluquer\u00eda para mascotas es solo para perros?<\/strong> En la peluquer\u00eda de Tiendanimal ofrecemos tambi\u00e9n servicio de <strong>peluquer\u00eda para gatos, conejos y cobayas<\/strong>.<\/p>\n<p>Tu mejor amigo no solo saldr\u00e1 requeteguapo de nuestros centros, sino que adem\u00e1s <strong>le haremos sentir c\u00f3modo, seguro y como en casa<\/strong>, dedic\u00e1ndole la mejor atenci\u00f3n desde que entra hasta que sale de la sesi\u00f3n. \u00a1No le faltar\u00e1n mimos y cari\u00f1o con nosotros!<\/p>\n<h2>Descubre nuestros servicios de peluquer\u00eda para perros, gatos y otras mascotas<\/h2>\n<p>En las peluquer\u00edas de Tiendanimal queremos cubrir todas las necesidades de tu mascota. Por eso, contamos con un <strong>amplio listado de servicios<\/strong> especialmente dedicados a cada tipo de animal (teniendo en cuenta siempre su manto) y realizados por los mejores profesionales y estilistas.<\/p>\n<h3>Servicios de peluquer\u00eda para perros:<\/h3>\n<ul>\n<li>Cepillado<\/li>\n<li>Ba\u00f1o (normal, antiparasitario, potenciador del color)<\/li>\n<li>Stripping<\/li>\n<li>Deslanado<\/li>\n<li>Corte a m\u00e1quina<\/li>\n<li>Corte a tijeras<\/li>\n<li>Ozonoterapia<\/li>\n<li>Zona acondicionada para ba\u00f1ar tu mismo a tu mascota<\/li>\n<\/ul>\n<p><strong>\u00bfQu\u00e9 incluye cada servicio?<\/strong><\/p>\n<ul>\n<li><strong>Ba\u00f1o<\/strong>: Ba\u00f1o y masaje, secado, corte de u\u00f1as, limpieza de o\u00eddos y de gl\u00e1ndulas ana\u00f1es, antiest\u00e1tico y perfume.<\/li>\n<li><strong>Corte<\/strong>: Corte adaptado a cada raza, t\u00e9cnica de trabajo acorde al tipo de pelo, antiest\u00e1tico y perfume.<\/li>\n<\/ul>\n<h3>Servicios de peluquer\u00eda para gatos:<\/h3>\n<ul>\n<li>Cepillado<\/li>\n<li>Ba\u00f1o<\/li>\n<li>Stripping<\/li>\n<li>Retoque<\/li>\n<li>Pelo corto y pelo largo<\/li>\n<\/ul>\n<p>El <strong>servicio de ba\u00f1o o ba\u00f1o + corte<\/strong> incluye tanto el ba\u00f1o con masaje para que tu felino se relaje durante la sesi\u00f3n, como el <strong>corte de u\u00f1as<\/strong>.<\/p>\n<h3>Servicios de peluquer\u00eda para conejos y cobayas<\/h3>\n<ul>\n<li>Cepillado<\/li>\n<li>Corte<\/li>\n<li>Ba\u00f1o con masaje<\/li>\n<\/ul>\n<p>El <strong>servicio de ba\u00f1o + corte<\/strong> incluye el <strong>corte de u\u00f1as<\/strong>.<\/p>\n<h3>Chequeo completo GRATIS en cada visita<\/h3>\n<p>Siempre aprovecharemos cada sesi\u00f3n para hacer a tu mascota una<strong> revisi\u00f3n de los puntos de control principales<\/strong> que nos permiten comprobar si est\u00e1 sana as\u00ed como identificar posibles problemas de salud. Estos son:<\/p>\n<ul>\n<li>Ojos y p\u00e1rpados<\/li>\n<li>Nariz<\/li>\n<li>Boca, dientes y enc\u00edas<\/li>\n<li>O\u00eddos<\/li>\n<li>Patas, almohadillas, dedos y u\u00f1as<\/li>\n<li>Piel y pelo<\/li>\n<\/ul>\n<h2>La peluquer\u00eda canina y felina m\u00e1s completa<\/h2>\n<p>En las peluquer\u00edas de Tiendanimal ofrecemos <strong>sesiones de bienestar completo<\/strong> a tu mascota a trav\u00e9s de tratamientos especializados como la <strong>hidroterapia<\/strong> y la <strong>ozonoterapia<\/strong>, as\u00ed como toda clase de t\u00e9cnicas para el tratamiento de hongos, alergias, seborrea, alopecia, etc.<\/p>\n<p>Los tratamientos y tendencias m\u00e1s innovadoras para cuidar el pelaje y la piel de tu mejor amigo a la vez que le dejamos s\u00faper guapo.<\/p>\n<h2>Visita tu peluquer\u00eda canina Tiendanimal m\u00e1s cercana<\/h2>\n<p>Contamos con<strong> peluquer\u00edas para perros, gatos y otras mascotas<\/strong> repartidas por diferentes localidades para que puedas acudir a la que tengas m\u00e1s cerca. Consulta el listado, <strong>ll\u00e1manos y <a href=\"http:\/\/www.tiendanimal.es\/servicios\/peluquerias-salonbelleza\/encuentra-tu-pelu\/\" rel=\"noopener\">pide cita<\/a><\/strong>. \u00a1Estamos deseando conocer a tu peludo!<\/p>\n","protected":false},"excerpt":{"rendered":"<p>\u00a1Ven a la peluquer\u00eda canina de Tiendanimal y mima a tu mascota! En Tiendanimal queremos cuidar a tu mascota de la mejor forma tanto por [&hellip;]<\/p>\n","protected":false},"author":1,"featured_media":0,"parent":0,"menu_order":0,"comment_status":"closed","ping_status":"closed","template":"","meta":{"_acf_changed":false,"footnotes":""},"class_list":["post-2","page","type-page","status-publish","hentry"],"acf":[],"yoast_head":"<!-- This site is optimized with the Yoast SEO plugin v27.5 - https:\/\/yoast.com\/product\/yoast-seo-wordpress\/ -->\n<title>Peluquer\u00eda Canina y Felina | Tiendanimal<\/title>\n<meta name=\"description\" content=\"Realizamos los mejores tratamientos de peluquer\u00eda para perros, gatos y otras mascotas de la mano de los mejores profesionales y estilistas. \u00a1Vis\u00edtanos!\" \/>\n<meta name=\"robots\" content=\"index, follow, max-snippet:-1, max-image-preview:large, max-video-preview:-1\" \/>\n<link rel=\"canonical\" href=\"https:\/\/www.tiendanimal.es\/servicios\/peluquerias-salonbelleza\/\" \/>\n<meta property=\"og:locale\" content=\"es_ES\" \/>\n<meta property=\"og:type\" content=\"article\" \/>\n<meta property=\"og:title\" content=\"Peluquer\u00eda Canina y Felina | Tiendanimal\" \/>\n<meta property=\"og:description\" content=\"Realizamos los mejores tratamientos de peluquer\u00eda para perros, gatos y otras mascotas de la mano de los mejores profesionales y estilistas. \u00a1Vis\u00edtanos!\" \/>\n<meta property=\"og:url\" content=\"https:\/\/www.tiendanimal.es\/servicios\/peluquerias-salonbelleza\/\" \/>\n<meta property=\"og:site_name\" content=\"Sal\u00f3n de Belleza\" \/>\n<meta property=\"article:publisher\" content=\"https:\/\/www.facebook.com\/tiendanimal\" \/>\n<meta property=\"article:modified_time\" content=\"2024-05-24T13:00:52+00:00\" \/>\n<meta name=\"twitter:card\" content=\"summary_large_image\" \/>\n<meta name=\"twitter:site\" content=\"@tiendanimal\" \/>\n<meta name=\"twitter:label1\" content=\"Tiempo de lectura\" \/>\n\t<meta name=\"twitter:data1\" content=\"3 minutos\" \/>\n<script type=\"application\/ld+json\" class=\"yoast-schema-graph\">{\"@context\":\"https:\\\/\\\/schema.org\",\"@graph\":[{\"@type\":\"WebPage\",\"@id\":\"https:\\\/\\\/www.tiendanimal.es\\\/servicios\\\/peluquerias-salonbelleza\\\/\",\"url\":\"https:\\\/\\\/www.tiendanimal.es\\\/servicios\\\/peluquerias-salonbelleza\\\/\",\"name\":\"Peluquer\u00eda Canina y Felina | Tiendanimal\",\"isPartOf\":{\"@id\":\"https:\\\/\\\/www.tiendanimal.es\\\/servicios\\\/peluquerias-salonbelleza\\\/#website\"},\"datePublished\":\"2022-03-09T10:06:59+00:00\",\"dateModified\":\"2024-05-24T13:00:52+00:00\",\"description\":\"Realizamos los mejores tratamientos de peluquer\u00eda para perros, gatos y otras mascotas de la mano de los mejores profesionales y estilistas. \u00a1Vis\u00edtanos!\",\"breadcrumb\":{\"@id\":\"https:\\\/\\\/www.tiendanimal.es\\\/servicios\\\/peluquerias-salonbelleza\\\/#breadcrumb\"},\"inLanguage\":\"es\",\"potentialAction\":[{\"@type\":\"ReadAction\",\"target\":[\"https:\\\/\\\/www.tiendanimal.es\\\/servicios\\\/peluquerias-salonbelleza\\\/\"]}]},{\"@type\":\"BreadcrumbList\",\"@id\":\"https:\\\/\\\/www.tiendanimal.es\\\/servicios\\\/peluquerias-salonbelleza\\\/#breadcrumb\",\"itemListElement\":[{\"@type\":\"ListItem\",\"position\":1,\"name\":\"Portada\",\"item\":\"https:\\\/\\\/www.tiendanimal.es\\\/servicios\\\/peluquerias-salonbelleza\\\/\"},{\"@type\":\"ListItem\",\"position\":2,\"name\":\"Home\"}]},{\"@type\":\"WebSite\",\"@id\":\"https:\\\/\\\/www.tiendanimal.es\\\/servicios\\\/peluquerias-salonbelleza\\\/#website\",\"url\":\"https:\\\/\\\/www.tiendanimal.es\\\/servicios\\\/peluquerias-salonbelleza\\\/\",\"name\":\"Sal\u00f3n de Belleza\",\"description\":\"Tienda Animal\",\"publisher\":{\"@id\":\"https:\\\/\\\/www.tiendanimal.es\\\/servicios\\\/peluquerias-salonbelleza\\\/#organization\"},\"potentialAction\":[{\"@type\":\"SearchAction\",\"target\":{\"@type\":\"EntryPoint\",\"urlTemplate\":\"https:\\\/\\\/www.tiendanimal.es\\\/servicios\\\/peluquerias-salonbelleza\\\/?s={search_term_string}\"},\"query-input\":{\"@type\":\"PropertyValueSpecification\",\"valueRequired\":true,\"valueName\":\"search_term_string\"}}],\"inLanguage\":\"es\"},{\"@type\":\"Organization\",\"@id\":\"https:\\\/\\\/www.tiendanimal.es\\\/servicios\\\/peluquerias-salonbelleza\\\/#organization\",\"name\":\"Sal\u00f3n de Belleza de Tienda Animal\",\"url\":\"https:\\\/\\\/www.tiendanimal.es\\\/servicios\\\/peluquerias-salonbelleza\\\/\",\"logo\":{\"@type\":\"ImageObject\",\"inLanguage\":\"es\",\"@id\":\"https:\\\/\\\/www.tiendanimal.es\\\/servicios\\\/peluquerias-salonbelleza\\\/#\\\/schema\\\/logo\\\/image\\\/\",\"url\":\"https:\\\/\\\/www.tiendanimal.es\\\/servicios\\\/peluquerias-salonbelleza\\\/wp-content\\\/uploads\\\/2022\\\/04\\\/cropped-logo.jpg\",\"contentUrl\":\"https:\\\/\\\/www.tiendanimal.es\\\/servicios\\\/peluquerias-salonbelleza\\\/wp-content\\\/uploads\\\/2022\\\/04\\\/cropped-logo.jpg\",\"width\":184,\"height\":80,\"caption\":\"Sal\u00f3n de Belleza de Tienda Animal\"},\"image\":{\"@id\":\"https:\\\/\\\/www.tiendanimal.es\\\/servicios\\\/peluquerias-salonbelleza\\\/#\\\/schema\\\/logo\\\/image\\\/\"},\"sameAs\":[\"https:\\\/\\\/www.facebook.com\\\/tiendanimal\",\"https:\\\/\\\/x.com\\\/tiendanimal\",\"https:\\\/\\\/www.instagram.com\\\/tiendanimal\",\"https:\\\/\\\/www.youtube.com\\\/user\\\/tiendanimal\"]}]}<\/script>\n<!-- \/ Yoast SEO plugin. -->","yoast_head_json":{"title":"Peluquer\u00eda Canina y Felina | Tiendanimal","description":"Realizamos los mejores tratamientos de peluquer\u00eda para perros, gatos y otras mascotas de la mano de los mejores profesionales y estilistas. \u00a1Vis\u00edtanos!","robots":{"index":"index","follow":"follow","max-snippet":"max-snippet:-1","max-image-preview":"max-image-preview:large","max-video-preview":"max-video-preview:-1"},"canonical":"https:\/\/www.tiendanimal.es\/servicios\/peluquerias-salonbelleza\/","og_locale":"es_ES","og_type":"article","og_title":"Peluquer\u00eda Canina y Felina | Tiendanimal","og_description":"Realizamos los mejores tratamientos de peluquer\u00eda para perros, gatos y otras mascotas de la mano de los mejores profesionales y estilistas. \u00a1Vis\u00edtanos!","og_url":"https:\/\/www.tiendanimal.es\/servicios\/peluquerias-salonbelleza\/","og_site_name":"Sal\u00f3n de Belleza","article_publisher":"https:\/\/www.facebook.com\/tiendanimal","article_modified_time":"2024-05-24T13:00:52+00:00","twitter_card":"summary_large_image","twitter_site":"@tiendanimal","twitter_misc":{"Tiempo de lectura":"3 minutos"},"schema":{"@context":"https:\/\/schema.org","@graph":[{"@type":"WebPage","@id":"https:\/\/www.tiendanimal.es\/servicios\/peluquerias-salonbelleza\/","url":"https:\/\/www.tiendanimal.es\/servicios\/peluquerias-salonbelleza\/","name":"Peluquer\u00eda Canina y Felina | Tiendanimal","isPartOf":{"@id":"https:\/\/www.tiendanimal.es\/servicios\/peluquerias-salonbelleza\/#website"},"datePublished":"2022-03-09T10:06:59+00:00","dateModified":"2024-05-24T13:00:52+00:00","description":"Realizamos los mejores tratamientos de peluquer\u00eda para perros, gatos y otras mascotas de la mano de los mejores profesionales y estilistas. \u00a1Vis\u00edtanos!","breadcrumb":{"@id":"https:\/\/www.tiendanimal.es\/servicios\/peluquerias-salonbelleza\/#breadcrumb"},"inLanguage":"es","potentialAction":[{"@type":"ReadAction","target":["https:\/\/www.tiendanimal.es\/servicios\/peluquerias-salonbelleza\/"]}]},{"@type":"BreadcrumbList","@id":"https:\/\/www.tiendanimal.es\/servicios\/peluquerias-salonbelleza\/#breadcrumb","itemListElement":[{"@type":"ListItem","position":1,"name":"Portada","item":"https:\/\/www.tiendanimal.es\/servicios\/peluquerias-salonbelleza\/"},{"@type":"ListItem","position":2,"name":"Home"}]},{"@type":"WebSite","@id":"https:\/\/www.tiendanimal.es\/servicios\/peluquerias-salonbelleza\/#website","url":"https:\/\/www.tiendanimal.es\/servicios\/peluquerias-salonbelleza\/","name":"Sal\u00f3n de Belleza","description":"Tienda Animal","publisher":{"@id":"https:\/\/www.tiendanimal.es\/servicios\/peluquerias-salonbelleza\/#organization"},"potentialAction":[{"@type":"SearchAction","target":{"@type":"EntryPoint","urlTemplate":"https:\/\/www.tiendanimal.es\/servicios\/peluquerias-salonbelleza\/?s={search_term_string}"},"query-input":{"@type":"PropertyValueSpecification","valueRequired":true,"valueName":"search_term_string"}}],"inLanguage":"es"},{"@type":"Organization","@id":"https:\/\/www.tiendanimal.es\/servicios\/peluquerias-salonbelleza\/#organization","name":"Sal\u00f3n de Belleza de Tienda Animal","url":"https:\/\/www.tiendanimal.es\/servicios\/peluquerias-salonbelleza\/","logo":{"@type":"ImageObject","inLanguage":"es","@id":"https:\/\/www.tiendanimal.es\/servicios\/peluquerias-salonbelleza\/#\/schema\/logo\/image\/","url":"https:\/\/www.tiendanimal.es\/servicios\/peluquerias-salonbelleza\/wp-content\/uploads\/2022\/04\/cropped-logo.jpg","contentUrl":"https:\/\/www.tiendanimal.es\/servicios\/peluquerias-salonbelleza\/wp-content\/uploads\/2022\/04\/cropped-logo.jpg","width":184,"height":80,"caption":"Sal\u00f3n de Belleza de Tienda Animal"},"image":{"@id":"https:\/\/www.tiendanimal.es\/servicios\/peluquerias-salonbelleza\/#\/schema\/logo\/image\/"},"sameAs":["https:\/\/www.facebook.com\/tiendanimal","https:\/\/x.com\/tiendanimal","https:\/\/www.instagram.com\/tiendanimal","https:\/\/www.youtube.com\/user\/tiendanimal"]}]}},"_links":{"self":[{"href":"https:\/\/www.tiendanimal.es\/servicios\/peluquerias-salonbelleza\/wp-json\/wp\/v2\/pages\/2","targetHints":{"allow":["GET"]}}],"collection":[{"href":"https:\/\/www.tiendanimal.es\/servicios\/peluquerias-salonbelleza\/wp-json\/wp\/v2\/pages"}],"about":[{"href":"https:\/\/www.tiendanimal.es\/servicios\/peluquerias-salonbelleza\/wp-json\/wp\/v2\/types\/page"}],"author":[{"embeddable":true,"href":"https:\/\/www.tiendanimal.es\/servicios\/peluquerias-salonbelleza\/wp-json\/wp\/v2\/users\/1"}],"replies":[{"embeddable":true,"href":"https:\/\/www.tiendanimal.es\/servicios\/peluquerias-salonbelleza\/wp-json\/wp\/v2\/comments?post=2"}],"version-history":[{"count":8,"href":"https:\/\/www.tiendanimal.es\/servicios\/peluquerias-salonbelleza\/wp-json\/wp\/v2\/pages\/2\/revisions"}],"predecessor-version":[{"id":919,"href":"https:\/\/www.tiendanimal.es\/servicios\/peluquerias-salonbelleza\/wp-json\/wp\/v2\/pages\/2\/revisions\/919"}],"wp:attachment":[{"href":"https:\/\/www.tiendanimal.es\/servicios\/peluquerias-salonbelleza\/wp-json\/wp\/v2\/media?parent=2"}],"curies":[{"name":"wp","href":"https:\/\/api.w.org\/{rel}","templated":true}]}}