{"id":19042,"date":"2019-12-24T08:48:39","date_gmt":"2019-12-24T07:48:39","guid":{"rendered":"https:\/\/www.tiendanimal.es\/articulos\/?page_id=19042"},"modified":"2024-06-25T16:37:39","modified_gmt":"2024-06-25T15:37:39","slug":"datos-personales","status":"publish","type":"page","link":"https:\/\/www.tiendanimal.es\/articulos\/datos-personales\/","title":{"rendered":"Datos personales"},"content":{"rendered":"\n<ol class=\"wp-block-list\"><li><strong>DATOS PERSONALES<\/strong><\/li><\/ol>\n\n\n\n<p>En cumplimiento de lo previsto en el Reglamento (UE) 2016\/679 del Parlamento Europeo y del Consejo, de 27 de abril de 2016, relativo a la protecci\u00f3n de las personas f\u00edsicas en lo que respecta al tratamiento de datos personales y a la libre circulaci\u00f3n de estos datos y por el que se deroga la Directiva 95\/46\/CE (RGPD), as\u00ed como en cumplimiento de lo previsto en la Ley Org\u00e1nica 3\/2018, de 5 de diciembre, de Protecci\u00f3n de Datos de Car\u00e1cter Personal y Garant\u00eda de los Derechos Digitales (LOPD-GDD), se informa a continuaci\u00f3n sobre los siguientes aspectos relacionados con el tratamiento de datos de car\u00e1cter personal recabados:<\/p>\n\n\n\n<ul class=\"wp-block-list\"><li><strong>Responsables del tratamiento<\/strong>: TIENDANIMAL COMERCIO ELECTR\u00d3NICO DE ART\u00cdCULOS PARA MASCOTAS, S.L. (Tiendanimal); CIF: B-93.087.138; direcci\u00f3n: C\/ C\u00e9sar Vallejo, 24, Pol. Ind. Guadalhorce C.P. 29004 M\u00e1laga; tel\u00e9fono: 900 844 062; email: rgpd@tiendanimal.es<\/li><li><strong>Finalidad<\/strong>: la tramitaci\u00f3n de la participaci\u00f3n en el presente Concurso y Sorteo, as\u00ed como para comunicar el premio a la persona que resulte ganadora del Concurso y del Sorteo.<\/li><li><strong>Periodo de conservaci\u00f3n de la informaci\u00f3n<\/strong>: los datos de car\u00e1cter personal a los que pudi\u00e9ramos tener acceso como consecuencia de la participaci\u00f3n en el presente Concurso y Sorteo se conservar\u00e1n durante el tiempo necesario para la gesti\u00f3n del premio. Una vez transcurrido este per\u00edodo, los datos ser\u00e1n eliminado, salvo en aquellos casos en los que exista un inter\u00e9s leg\u00edtimo o una obligaci\u00f3n legal de conservarlos.<\/li><li><strong>Naturaleza de los datos tratados<\/strong>: La informaci\u00f3n recabada se limita a datos identificativos (nombre y apellidos del participante).<\/li><li><strong>Legitimaci\u00f3n<\/strong>: La base que legitima el tratamiento es la ejecuci\u00f3n de la relaci\u00f3n contractual entre las partes.<\/li><li><strong>Destinatarios de los datos y transferencias internacionales<\/strong>: Los datos de car\u00e1cter personal recabados podr\u00e1n ser cedidos, en los casos que corresponda, a la Administraci\u00f3n p\u00fablica correspondiente, en cumplimiento de la normativa tributaria. No se prev\u00e9n transferencias internacionales de datos.<\/li><li><strong>Ejercicio de derechos<\/strong>: El\/la interesado\/interesada tiene derecho a acceder a sus datos personales, as\u00ed como a solicitar la rectificaci\u00f3n de los datos inexactos o, en su caso, solicitar su supresi\u00f3n cuando, entre otros motivos, los datos ya no sean necesarios para los fines que fueron recogidos. El\/la interesado\/interesada podr\u00e1 solicitar la limitaci\u00f3n del tratamiento de sus datos, en cuyo caso \u00fanicamente los conservaremos para el ejercicio o la defensa de reclamaciones, cuando proceda legalmente. En determinadas circunstancias y por motivos relacionados con su situaci\u00f3n particular el\/la interesado\/interesada podr\u00e1 oponerse al tratamiento de sus datos, y en este caso, Tiendanimal dejar\u00e1 de tratar los datos, salvo por motivos leg\u00edtimos, o el ejercicio o la defensa de posibles reclamaciones. Por \u00faltimo, le informamos sobre su derecho de portabilidad previsto en el RGPD con el fin de que sus datos puedan ser facilitados al Responsable del tratamiento que el\/la interesado\/interesada nos indique. Para hacer efectivo estos derechos, puede enviar un email a rgpd@tiendanimal.es o remitir carta a la siguiente direcci\u00f3n: C\/ C\u00e9sar Vallejo, 24, Pol. Ind. Guadalhorce C.P. 29004, M\u00e1laga.<\/li><li><strong>Comunicaci\u00f3n de incidencias<\/strong>: En los casos en los que los interesados consideren que durante el tratamiento se han vulnerado sus derechos en materia de protecci\u00f3n de datos, especialmente cuando no hayan obtenido satisfacci\u00f3n en el ejercicio de sus derechos, podr\u00e1n presentar una reclamaci\u00f3n ante la Autoridad de Control en materia de Protecci\u00f3n de Datos competente (Agencia Espa\u00f1ola de Protecci\u00f3n de Datos- www.agpd.es).<\/li><\/ul>\n","protected":false},"excerpt":{"rendered":"<p>DATOS PERSONALES En cumplimiento de lo previsto en el Reglamento (UE) 2016\/679 del Parlamento Europeo y del Consejo, de 27 de abril de 2016, relativo &#8230; <a title=\"Datos personales\" class=\"read-more\" href=\"https:\/\/www.tiendanimal.es\/articulos\/datos-personales\/\">Leer m\u00e1s<\/a><\/p>\n","protected":false},"author":43,"featured_media":0,"parent":0,"menu_order":0,"comment_status":"closed","ping_status":"closed","template":"","meta":{"_acf_changed":false,"_uag_custom_page_level_css":"","site-sidebar-layout":"default","site-content-layout":"","ast-site-content-layout":"default","site-content-style":"default","site-sidebar-style":"default","ast-global-header-display":"","ast-banner-title-visibility":"","ast-main-header-display":"","ast-hfb-above-header-display":"","ast-hfb-below-header-display":"","ast-hfb-mobile-header-display":"","site-post-title":"","ast-breadcrumbs-content":"","ast-featured-img":"","footer-sml-layout":"","theme-transparent-header-meta":"","adv-header-id-meta":"","stick-header-meta":"","header-above-stick-meta":"","header-main-stick-meta":"","header-below-stick-meta":"","astra-migrate-meta-layouts":"default","ast-page-background-enabled":"default","ast-page-background-meta":{"desktop":{"background-color":"var(--ast-global-color-5)","background-image":"","background-repeat":"repeat","background-position":"center center","background-size":"auto","background-attachment":"scroll","background-type":"","background-media":"","overlay-type":"","overlay-color":"","overlay-opacity":"","overlay-gradient":""},"tablet":{"background-color":"","background-image":"","background-repeat":"repeat","background-position":"center center","background-size":"auto","background-attachment":"scroll","background-type":"","background-media":"","overlay-type":"","overlay-color":"","overlay-opacity":"","overlay-gradient":""},"mobile":{"background-color":"","background-image":"","background-repeat":"repeat","background-position":"center center","background-size":"auto","background-attachment":"scroll","background-type":"","background-media":"","overlay-type":"","overlay-color":"","overlay-opacity":"","overlay-gradient":""}},"ast-content-background-meta":{"desktop":{"background-color":"var(--ast-global-color-4)","background-image":"","background-repeat":"repeat","background-position":"center center","background-size":"auto","background-attachment":"scroll","background-type":"","background-media":"","overlay-type":"","overlay-color":"","overlay-opacity":"","overlay-gradient":""},"tablet":{"background-color":"var(--ast-global-color-4)","background-image":"","background-repeat":"repeat","background-position":"center center","background-size":"auto","background-attachment":"scroll","background-type":"","background-media":"","overlay-type":"","overlay-color":"","overlay-opacity":"","overlay-gradient":""},"mobile":{"background-color":"var(--ast-global-color-4)","background-image":"","background-repeat":"repeat","background-position":"center center","background-size":"auto","background-attachment":"scroll","background-type":"","background-media":"","overlay-type":"","overlay-color":"","overlay-opacity":"","overlay-gradient":""}},"footnotes":""},"class_list":["post-19042","page","type-page","status-publish","hentry"],"acf":[],"uagb_featured_image_src":{"full":false,"thumbnail":false,"medium":false,"medium_large":false,"large":false,"1536x1536":false,"2048x2048":false},"uagb_author_info":{"display_name":"Miriam Zazo","author_link":"https:\/\/www.tiendanimal.es\/articulos\/author\/miriammake\/"},"uagb_comment_info":0,"uagb_excerpt":"DATOS PERSONALES En cumplimiento de lo previsto en el Reglamento (UE) 2016\/679 del Parlamento Europeo y del Consejo, de 27 de abril de 2016, relativo ... Leer m\u00e1s","_links":{"self":[{"href":"https:\/\/www.tiendanimal.es\/articulos\/wp-json\/wp\/v2\/pages\/19042","targetHints":{"allow":["GET"]}}],"collection":[{"href":"https:\/\/www.tiendanimal.es\/articulos\/wp-json\/wp\/v2\/pages"}],"about":[{"href":"https:\/\/www.tiendanimal.es\/articulos\/wp-json\/wp\/v2\/types\/page"}],"author":[{"embeddable":true,"href":"https:\/\/www.tiendanimal.es\/articulos\/wp-json\/wp\/v2\/users\/43"}],"replies":[{"embeddable":true,"href":"https:\/\/www.tiendanimal.es\/articulos\/wp-json\/wp\/v2\/comments?post=19042"}],"version-history":[{"count":2,"href":"https:\/\/www.tiendanimal.es\/articulos\/wp-json\/wp\/v2\/pages\/19042\/revisions"}],"predecessor-version":[{"id":60170,"href":"https:\/\/www.tiendanimal.es\/articulos\/wp-json\/wp\/v2\/pages\/19042\/revisions\/60170"}],"wp:attachment":[{"href":"https:\/\/www.tiendanimal.es\/articulos\/wp-json\/wp\/v2\/media?parent=19042"}],"curies":[{"name":"wp","href":"https:\/\/api.w.org\/{rel}","templated":true}]}}